{"id":5674176,"date":"2019-08-30T15:34:41","date_gmt":"2019-08-30T15:34:41","guid":{"rendered":"http:\/\/chispa.com.ar\/zuccardi\/?page_id=5674176"},"modified":"2023-12-08T16:12:32","modified_gmt":"2023-12-08T16:12:32","slug":"bodega","status":"publish","type":"page","link":"https:\/\/zuccardiwines.com\/nuevo\/bodega\/","title":{"rendered":"Bodega"},"content":{"rendered":"[vc_row][vc_column][vc_empty_space height=\u00bb62px\u00bb]<div class=\"norebro-text-sc \" \n\tid=\"norebro-custom-69e7dd4278b4f\" \n\t \n\t>\n\n\t<p style=\"text-align: center;\">La construcci\u00f3n de nuestra bodega comenz\u00f3 en el a\u00f1o 2013 y fue inaugurada en el a\u00f1o 2016.<\/p>\n<p style=\"text-align: center;\">El edificio es un homenaje a la monta\u00f1a, que define tanto el clima como los suelos de la regi\u00f3n.<br \/>\nLa construcci\u00f3n se realiz\u00f3 con elementos naturales, piedras del lugar, redondas, blancas, calc\u00e1reas. Est\u00e1 hecha de cemento de afuera hacia adentro, desde las paredes de piedra hasta las piletas de hormig\u00f3n sin cobertura epoxi d\u00f3nde se elaboran los vinos.<\/p>\n<p style=\"text-align: center;\">Las piletas y \u00e1nforas son el resultado de a\u00f1os de experimentaci\u00f3n en la b\u00fasqueda de la vasija ideal, hasta llegar a la tronco-conicidad como la forma que permite un trabajo m\u00e1s natural en los mostos y vinos.<\/p>\n\t\n<\/div>[vc_empty_space height=\u00bb62px\u00bb][\/vc_column][\/vc_row][vc_row][vc_column][vc_images_carousel images=\u00bb5680603,5680605,5680601,5680607&#8243; img_size=\u00bbfull\u00bb onclick=\u00bblink_no\u00bb speed=\u00bb2400&#8243; autoplay=\u00bbyes\u00bb wrap=\u00bbyes\u00bb css_animation=\u00bbfadeInDown\u00bb][\/vc_column][\/vc_row][vc_row][vc_column][vc_empty_space height=\u00bb82px\u00bb][\/vc_column][\/vc_row]\n","protected":false},"excerpt":{"rendered":"<p>[vc_row][vc_column][vc_empty_space height=\u00bb62px\u00bb][vc_empty_space height=\u00bb62px\u00bb][\/vc_column][\/vc_row][vc_row][vc_column][vc_images_carousel images=\u00bb5680603,5680605,5680601,5680607&#8243; img_size=\u00bbfull\u00bb onclick=\u00bblink_no\u00bb speed=\u00bb2400&#8243; autoplay=\u00bbyes\u00bb wrap=\u00bbyes\u00bb css_animation=\u00bbfadeInDown\u00bb][\/vc_column][\/vc_row][vc_row][vc_column][vc_empty_space height=\u00bb82px\u00bb][\/vc_column][\/vc_row]<\/p>\n","protected":false},"author":828,"featured_media":0,"parent":0,"menu_order":0,"comment_status":"closed","ping_status":"closed","template":"","meta":{"footnotes":""},"_links":{"self":[{"href":"https:\/\/zuccardiwines.com\/nuevo\/wp-json\/wp\/v2\/pages\/5674176"}],"collection":[{"href":"https:\/\/zuccardiwines.com\/nuevo\/wp-json\/wp\/v2\/pages"}],"about":[{"href":"https:\/\/zuccardiwines.com\/nuevo\/wp-json\/wp\/v2\/types\/page"}],"author":[{"embeddable":true,"href":"https:\/\/zuccardiwines.com\/nuevo\/wp-json\/wp\/v2\/users\/828"}],"replies":[{"embeddable":true,"href":"https:\/\/zuccardiwines.com\/nuevo\/wp-json\/wp\/v2\/comments?post=5674176"}],"version-history":[{"count":8,"href":"https:\/\/zuccardiwines.com\/nuevo\/wp-json\/wp\/v2\/pages\/5674176\/revisions"}],"predecessor-version":[{"id":5684723,"href":"https:\/\/zuccardiwines.com\/nuevo\/wp-json\/wp\/v2\/pages\/5674176\/revisions\/5684723"}],"wp:attachment":[{"href":"https:\/\/zuccardiwines.com\/nuevo\/wp-json\/wp\/v2\/media?parent=5674176"}],"curies":[{"name":"wp","href":"https:\/\/api.w.org\/{rel}","templated":true}]}}