{"id":1827,"date":"2019-02-18T00:08:39","date_gmt":"2019-02-18T00:08:39","guid":{"rendered":"http:\/\/chispa.com.ar\/zuccardi\/?page_id=1827"},"modified":"2023-12-08T16:10:01","modified_gmt":"2023-12-08T16:10:01","slug":"home","status":"publish","type":"page","link":"https:\/\/zuccardiwines.com\/nuevo\/","title":{"rendered":"Home"},"content":{"rendered":"[vc_row full_width=\u00bbstretch_row\u00bb full_height=\u00bbyes\u00bb columns_placement=\u00bbtop\u00bb css=\u00bb.vc_custom_1554168827496{margin-right: 0px !important;margin-bottom: 0px !important;margin-left: 0px !important;padding-top: 0px !important;padding-right: 0px !important;padding-bottom: 0px !important;padding-left: 0px !important;}\u00bb][vc_column][rev_slider_vc alias=\u00bbhomo-not\u00bb][\/vc_column][\/vc_row][vc_row css=\u00bb.vc_custom_1631110632322{margin-bottom: 50px !important;padding-top: 120px !important;padding-bottom: 120px !important;}\u00bb][vc_column]<div class=\"norebro-text-sc \" \n\tid=\"norebro-custom-69e7dcc6dbb95\" \n\t data-aos=\"fade-down\" \n\t data-aos-duration=\"2000\">\n\n\t<h4 style=\"text-align: center;\">\u201cOur wines are wines of the sun,<br \/>\nbut also of the soil.\u201d<\/h4>\n<p style=\"text-align: center;\"><em> Sebastian Zuccardi &#8211; Washington Post.<\/em><\/p>\n\t\n<\/div>[\/vc_column][\/vc_row][vc_row full_width=\u00bbstretch_row\u00bb equal_height=\u00bbyes\u00bb content_placement=\u00bbmiddle\u00bb css=\u00bb.vc_custom_1631110692536{margin-top: 25px !important;margin-right: 0px !important;margin-bottom: 55px !important;margin-left: 0px !important;padding-top: 80px !important;padding-bottom: 80px !important;background-image: url(https:\/\/zuccardiwines.com\/nuevo\/wp-content\/uploads\/2019\/06\/vinos-de-mont.jpg?id=5673863) !important;}\u00bb][vc_column][vc_row_inner][vc_column_inner width=\u00bb1\/2&#8243; css=\u00bb.vc_custom_1631111754468{padding-top: 20px !important;padding-bottom: 23px !important;}\u00bb]<div class=\"norebro-heading-sc heading text-left\"\n\tid=\"norebro-custom-69e7dcc6dbd2a\" \n\t data-aos=\"fade-up\" \n\t>\n\t\n\t\t\t<p class=\"subtitle\">\n\t\t\tVinos que expresan la identidad de cada terroir\t\t<\/p>\n\t\n\t\n\t<h3 class=\"title subtitle-top\">\n\t\tVINOS DE MONTA\u00d1A\t<\/h3>\n\n\t\t\t<div class=\"divider\"><\/div>\n\t\n\t\t\n<\/div>[vc_empty_space][vc_column_text css_animation=\u00bbfadeIn\u00bb]<span style=\"color: #ffffff;\">Cada l\u00ednea de vinos Zuccardi representa un fuerte concepto, una creencia, un homenaje. Cada vino busca ser \u00fanico, fiel expresi\u00f3n del vi\u00f1edo donde se gest\u00f3 y transmitir\u00a0esa perfecta combinaci\u00f3n de clima, suelo, altitud, y trabajo del hombre.<\/span>[\/vc_column_text]<div class=\"norebro-button-sc btn-wrap text-left\" \n\tid=\"norebro-custom-69e7dcc6dbee8\"\n\t \n\t>\n\n\t<a href=\"https:\/\/zuccardiwines.com\/nuevo\/vinos-de-montana\/\" \n\t\tclass=\"btn  btn-link\">\n\n\t\t\n\t\t\n\t\t<span class=\"text\">\n\t\t\tConozca nuestros vinos\t\t<\/span>\n\n\t\t\t\t\t<span class=\"icon ion-right linea-arrows-slim-right\"><\/span>\n\t\t\n\t\t\n\t\t\t\t\t<span class=\"icon-arrow ion-ios-arrow-thin-right\"><\/span>\n\t\t\t<\/a>\n\n<\/div>[\/vc_column_inner][vc_column_inner width=\u00bb1\/2&#8243;][\/vc_column_inner][\/vc_row_inner][vc_empty_space height=\u00bb62px\u00bb][\/vc_column][\/vc_row][vc_row full_width=\u00bbstretch_row\u00bb use_through_lines=\u00bb1&#8243; css=\u00bb.vc_custom_1556748649897{padding-top: 0px !important;padding-right: 7% !important;padding-bottom: 0px !important;padding-left: 7% !important;}\u00bb][vc_column css=\u00bb.vc_custom_1556748169034{padding-top: 0px !important;padding-right: 0px !important;padding-bottom: 0px !important;padding-left: 0px !important;}\u00bb][vc_row_inner][vc_column_inner]<div class=\"norebro-split-box-sc split-box\" \nid=\"norebro-custom-69e7dcc6dc2e9\" \ndata-parallax-left=\"horizontal\"data-parallax-speed-left=\"1.0\">\n\n\t<div class=\"vc_col-md-6 split-box-wrap\">\n\t<div class=\"parallax-bg\"><\/div>\n\t<div class=\"content\">\n\t\t\t<\/div>\n<\/div><div class=\"vc_col-md-6 split-box-wrap\">\n\t<div class=\"parallax-bg\"><\/div>\n\t<div class=\"content\">\n\t\t[vc_single_image image=\u00bb5673488&#8243; img_size=\u00bbfull\u00bb][vc_empty_space height=\u00bb12px\u00bb]<div class=\"norebro-text-sc \" \n\tid=\"norebro-custom-69e7dcc6dc6da\" \n\t \n\t>\n\n\t<p>Queremos compartir nuestra historia y nuestro futuro, ofreciendo una colecci\u00f3n de las primeras a\u00f1adas y la prioridad en algunos lanzamientos exclusivos para miembros del Zuccardi Wine Club.<br \/>\nPodr\u00e1s acceder a una selecci\u00f3n de nuestros aceites de oliva y otros beneficios, especialmente dise\u00f1ados para los socios.<\/p>\n\t\n<\/div>[vc_empty_space height=\u00bb12px\u00bb]<div class=\"norebro-button-sc btn-wrap text-left\" \n\tid=\"norebro-custom-69e7dcc6dc850\"\n\t \n\t>\n\n\t<a href=\"https:\/\/club.zuccardiwines.com\/club\/\" target=\"_blank\" \n\t\tclass=\"btn  btn-outline\">\n\n\t\t\t\t\t<span class=\"icon ion-left fa fa-info-circle\"><\/span>\n\t\t\n\t\t\n\t\t<span class=\"text\">\n\t\t\tConocer m\u00e1s\t\t<\/span>\n\n\t\t\n\t\t\n\t\t\t<\/a>\n\n<\/div>\t<\/div>\n<\/div>\t\n\n<\/div>[\/vc_column_inner][\/vc_row_inner][vc_empty_space height=\u00bb65px\u00bb][\/vc_column][\/vc_row][vc_row][vc_column width=\u00bb1\/2&#8243;]<div class=\"norebro-banner-box-sc banner-box overlay-title\"\n\tid=\"norebro-custom-69e7dcc6dcc4b\"\n\t data-aos=\"fade-up\"\t data-aos-duration=\"2000\">\n\n\t\t\t<div class=\"image-wrap\">\n\t\t\t<img decoding=\"async\" src=\"https:\/\/zuccardiwines.com\/nuevo\/wp-content\/uploads\/2019\/05\/home-turismo.jpg\" alt=\"Hospitality\">\n\t\t\t<div class=\"overlay default\">\n\t\t\t\t\t\t\t<\/div>\n\t\t<\/div>\n\t\t<div class=\"content\">\n\n\t\t\t<div class=\"title-wrap\">\n\t\t\t\t<h4>Hospitality<\/h4>\n\t\t\t\t\t\t\t\t<p class=\"subtitle\">Visitas guiadas y Piedra Infinita Cocina<\/p>\n\t\t\t\t\t\t\t<\/div>\n\n\t\t\t<div class=\"description-wrap\">\n\t\t\t\t<p class=\"description\">Los visitantes pueden recorrer los espacios de nuestra bodega y vivir la experiencia de recorrer los vi\u00f1edos descubriendo las caracter\u00edsticas y particularidades de los diferentes suelos que otorgan identidad a nuestros vinos, as\u00ed como descubrir nuestro restaurante Piedra Infinita Cocina, frente a la majestuosa cordillera de Los Andes, cuenta con capacidad para 50 cubiertos.<\/p>\n\n\t\t\t\t\t\t\t\t<a class=\"btn brand-bg-color-hover-i brand-border-color-hover-i btn-small btn-outline\" href=\"https:\/\/zuccardiwines.com\/nuevo\/turismo\/\">\n\t\t\t\t\tIr a Hospitality\t\t\t\t\t\t\t\t\t<\/a>\n\t\t\t\t\t\t\t<\/div>\n\n\t\t<\/div>\n\t\n<\/div>\n[\/vc_column][vc_column width=\u00bb1\/2&#8243;]<div class=\"norebro-banner-box-sc banner-box overlay-title\"\n\tid=\"norebro-custom-69e7dcc6dd0ad\"\n\t data-aos=\"fade-up\"\t data-aos-duration=\"2200\">\n\n\t\t\t<div class=\"image-wrap\">\n\t\t\t<img decoding=\"async\" src=\"https:\/\/zuccardiwines.com\/nuevo\/wp-content\/uploads\/2019\/05\/home-fincas.jpg\" alt=\"Nuestras Fincas\">\n\t\t\t<div class=\"overlay default\">\n\t\t\t\t\t\t\t<\/div>\n\t\t<\/div>\n\t\t<div class=\"content\">\n\n\t\t\t<div class=\"title-wrap\">\n\t\t\t\t<h4>Nuestras Fincas<\/h4>\n\t\t\t\t\t\t\t\t<p class=\"subtitle\">El origen de nuestros vinos<\/p>\n\t\t\t\t\t\t\t<\/div>\n\n\t\t\t<div class=\"description-wrap\">\n\t\t\t\t<p class=\"description\">Desde el trabajo agron\u00f3mico y la viticultura, se busca respetar la heterogeneidad de los suelos, destacando la esencia del terru\u00f1o y manejando cada planta de modo diferente para lograr que las uvas expresen la identidad de su origen, adem\u00e1s del marco de Los Andes como testigo de la historia.<\/p>\n\n\t\t\t\t\t\t\t\t<a class=\"btn brand-bg-color-hover-i brand-border-color-hover-i btn-small btn-outline\" href=\"https:\/\/zuccardiwines.com\/nuevo\/fincas-2\/\">\n\t\t\t\t\tVer Fincas\t\t\t\t\t\t\t\t\t<\/a>\n\t\t\t\t\t\t\t<\/div>\n\n\t\t<\/div>\n\t\n<\/div>\n[\/vc_column][\/vc_row][vc_row][vc_column][vc_empty_space height=\u00bb100px\u00bb][\/vc_column][\/vc_row]\n","protected":false},"excerpt":{"rendered":"<p>[vc_row full_width=\u00bbstretch_row\u00bb full_height=\u00bbyes\u00bb columns_placement=\u00bbtop\u00bb css=\u00bb.vc_custom_1554168827496{margin-right: 0px !important;margin-bottom: 0px !important;margin-left: 0px !important;padding-top: 0px !important;padding-right: 0px&#8230;<\/p>\n","protected":false},"author":828,"featured_media":0,"parent":0,"menu_order":0,"comment_status":"closed","ping_status":"closed","template":"","meta":{"footnotes":""},"_links":{"self":[{"href":"https:\/\/zuccardiwines.com\/nuevo\/wp-json\/wp\/v2\/pages\/1827"}],"collection":[{"href":"https:\/\/zuccardiwines.com\/nuevo\/wp-json\/wp\/v2\/pages"}],"about":[{"href":"https:\/\/zuccardiwines.com\/nuevo\/wp-json\/wp\/v2\/types\/page"}],"author":[{"embeddable":true,"href":"https:\/\/zuccardiwines.com\/nuevo\/wp-json\/wp\/v2\/users\/828"}],"replies":[{"embeddable":true,"href":"https:\/\/zuccardiwines.com\/nuevo\/wp-json\/wp\/v2\/comments?post=1827"}],"version-history":[{"count":35,"href":"https:\/\/zuccardiwines.com\/nuevo\/wp-json\/wp\/v2\/pages\/1827\/revisions"}],"predecessor-version":[{"id":5684722,"href":"https:\/\/zuccardiwines.com\/nuevo\/wp-json\/wp\/v2\/pages\/1827\/revisions\/5684722"}],"wp:attachment":[{"href":"https:\/\/zuccardiwines.com\/nuevo\/wp-json\/wp\/v2\/media?parent=1827"}],"curies":[{"name":"wp","href":"https:\/\/api.w.org\/{rel}","templated":true}]}}