{"id":5683283,"date":"2019-05-04T20:41:09","date_gmt":"2019-05-04T20:41:09","guid":{"rendered":"https:\/\/zuccardiwines.com\/nuevo\/fincas-2\/"},"modified":"2023-09-30T21:12:30","modified_gmt":"2023-09-30T21:12:30","slug":"fincas-2","status":"publish","type":"page","link":"https:\/\/zuccardiwines.com\/nuevo\/pt-br\/fincas-2\/","title":{"rendered":"Fazendas"},"content":{"rendered":"[vc_row full_width=&#8221;stretch_row&#8221; content_placement=&#8221;top&#8221; css=&#8221;.vc_custom_1557010429009{padding-top: 33px !important;}&#8221;][vc_column]<div class=\"norebro-text-sc \" \n\tid=\"norebro-custom-69e7f6ef0b3ef\" \n\t \n\t>\n\n\t<p style=\"text-align: center; font-size: 18px;\">A conjuga\u00e7\u00e3o de m\u00faltiplos microclimas, altitudes e tipos de solos d\u00e1 como resultado m\u00faltiplos terroirs.<br \/>\nZuccardi tem como desafio interpret\u00e1-los fielmente para expressar sua identidade no vinho.<\/p>\n\t\n<\/div>[vc_empty_space height=&#8221;36px&#8221;][\/vc_column][\/vc_row][vc_row][vc_column]<div class=\"norebro-tabs-sc tab-box  tabs-center\"\n\tid=\"norebro-custom-69e7f6ef0b589\" \n\tdata-norebro-tab-box=\"true\" \n\tdata-options='{}' \n\t data-aos=\"fade-up\" \n\t>\n\t\n\t<div class=\"buttons-wrap\">\n\t\t<div class=\"buttons\" role=\"tablist\">\n\t\t\t\t\t\t<div class=\"line brand-bg-color\"><\/div>\n\t\t<\/div>\n\t<\/div>\n\t<div class=\"items\" role=\"tabpanel\">\n\t\t<div class=\"item\" data-title=\"FINCA PIEDRA INFINITA\" id=\"1557002346641-45073005-6b52\">\n\n\t<div class=\"norebro-text-sc \" \n\tid=\"norebro-custom-69e7f6ef0b9c3\" \n\t \n\t>\n\n\t<h3>FINCA PIEDRA INFINITA<\/h3>\n\t\n<\/div>[vc_empty_space height=&#8221;12px&#8221;][vc_single_image image=&#8221;5680616&#8243; img_size=&#8221;2000&#8243;][vc_empty_space height=&#8221;43px&#8221;][vc_row_inner][vc_column_inner width=&#8221;2\/3&#8243;]<div class=\"norebro-text-sc \" \n\tid=\"norebro-custom-69e7f6ef0bb2c\" \n\t \n\t>\n\n\t<p style=\"text-align: justify;\">Localizada no cora\u00e7\u00e3o do leque aluvial do rio Tunuy\u00e1n, este vinhedo expressa a diversidade t\u00edpica dos solos calc\u00e1rios de Paraje Altamira. A viticultura desta fazenda \u00e9 praticada executando-se cada tarefa do ciclo do vinhedo (desde a poda at\u00e9 a colheita) orientada pelo tipo de solo. A Vin\u00edcola fica no cora\u00e7\u00e3o do vinhedo.<\/p>\n\t\n<\/div>[vc_empty_space height=&#8221;12px&#8221;]<div class=\"norebro-text-sc \" \n\tid=\"norebro-custom-69e7f6ef0bc98\" \n\t \n\t>\n\n\t<p><strong>LOCALIZA\u00c7\u00c3O:<\/strong><br \/>\nIG Paraje Altamira, San Carlos, Valle de Uco<br \/>\n<strong>Latitude:<\/strong> 33\u00b046\u00b422\u00b4\u00b4 \u2013 Longitude: 69\u00b009\u00b417\u00b4\u00b4<br \/>\n<strong>Altitude:<\/strong> 1100 m<br \/>\n<strong>GEOMORFOLOGIA E SOLOS:<\/strong> Solo aluvial pouco profundo. Horizonte superficial de textura arenosa e subsolo com grandes pedras cobertas de calc\u00e1rio provenientes do leque aluvial do Rio Tunuy\u00e1n.<br \/>\n<strong>ANO DE PLANTIO:<\/strong> 2009<br \/>\n<strong>\u00c1REA TOTAL:<\/strong> 42 hectares<br \/>\n<strong>VARIEDADES:<\/strong> Malbec, Cabernet Franc, Bonarda e Tempranillo<br \/>\n<strong>SISTEMAS DE CONDU\u00c7\u00c3O:<\/strong> Espaldeira<br \/>\n<strong>IRRIGA\u00c7\u00c3O:<\/strong> Por gotejamento<\/p>\n<p><img loading=\"lazy\" decoding=\"async\" class=\"alignnone wp-image-5674848 size-full\" src=\"https:\/\/zuccardiwines.com\/nuevo\/wp-content\/uploads\/2019\/11\/valores-climaticos-1.jpg\" alt=\"\" width=\"614\" height=\"335\" srcset=\"https:\/\/zuccardiwines.com\/nuevo\/wp-content\/uploads\/2019\/11\/valores-climaticos-1.jpg 614w, https:\/\/zuccardiwines.com\/nuevo\/wp-content\/uploads\/2019\/11\/valores-climaticos-1-300x164.jpg 300w, https:\/\/zuccardiwines.com\/nuevo\/wp-content\/uploads\/2019\/11\/valores-climaticos-1-600x327.jpg 600w\" sizes=\"(max-width: 614px) 100vw, 614px\" \/><\/p>\n\t\n<\/div>[\/vc_column_inner][vc_column_inner width=&#8221;1\/3&#8243;][vc_single_image image=&#8221;5674845&#8243; img_size=&#8221;full&#8221;][\/vc_column_inner][\/vc_row_inner][vc_empty_space height=&#8221;43px&#8221;][vc_single_image image=&#8221;5683237&#8243; img_size=&#8221;full&#8221; onclick=&#8221;link_image&#8221;][vc_empty_space height=&#8221;63px&#8221;]\t\n<\/div><div class=\"item\" data-title=\"FINCA CANAL UCO\" id=\"1569852486611-fea0a8ac-a167\">\n\n\t<div class=\"norebro-text-sc \" \n\tid=\"norebro-custom-69e7f6ef0bf0e\" \n\t \n\t>\n\n\t<h3>FINCA CANAL UCO<\/h3>\n\t\n<\/div>[vc_empty_space height=&#8221;12px&#8221;][vc_single_image image=&#8221;5673409&#8243; img_size=&#8221;2000&#8243;][vc_empty_space height=&#8221;43px&#8221;][vc_row_inner][vc_column_inner width=&#8221;2\/3&#8243;]<div class=\"norebro-text-sc \" \n\tid=\"norebro-custom-69e7f6ef0c069\" \n\t \n\t>\n\n\t<p style=\"text-align: justify;\">Localizada em terras com mais de 80 anos de hist\u00f3ria de agricultura e irriga\u00e7\u00e3o, com \u00e1guas do Canal Uco, na parte norte de Paraje Altamira. Esta fazenda foi o ponto fundacional do desenvolvimento da Zuccardi no Valle de Uco. Seus solos s\u00e3o ligeiramente mais profundos que os de Pedra Infinita, mas sem perder as caracter\u00edsticas que s\u00e3o comuns a esta regi\u00e3o.<\/p>\n\t\n<\/div><div class=\"norebro-text-sc \" \n\tid=\"norebro-custom-69e7f6ef0c1e0\" \n\t \n\t>\n\n\t<p><strong>LOCALIZA\u00c7\u00c3O:<\/strong> IG Paraje Altamira, San Carlos, Valle de Uco<br \/>\nLatitude: 33\u00b045\u00b458\u00b4\u00b4 \u2013 Longitude: 69\u00b009\u00b400\u00b4\u00b4<br \/>\n<strong>Altitude:<\/strong> 1080 m<br \/>\n<strong>GEOMORFOLOGIA E SOLOS:<\/strong><br \/>\nSolo aluvial de profundidade m\u00e9dia. Horizonte superficial de textura franco arenosa e subsolo com grandes pedras cobertas de calc\u00e1rio provenientes do leque aluvial do Rio Tunuy\u00e1n.<br \/>\n<strong>ANO DE PLANTIO:<\/strong> 2007<br \/>\n<strong>\u00c1REA TOTAL:<\/strong> 57 Hectares<br \/>\n<strong>VARIEDADES:<\/strong> Malbec, Cabernet Sauvignon, Ancellotta e Caladoc<br \/>\n<strong>SISTEMAS DE CONDU\u00c7\u00c3O:<\/strong> Espaldeira<br \/>\n<strong>IRRIGA\u00c7\u00c3O:<\/strong> por gotejamento<\/p>\n\t\n<\/div>[\/vc_column_inner][vc_column_inner width=&#8221;1\/3&#8243;][vc_single_image image=&#8221;5674854&#8243; img_size=&#8221;full&#8221;][\/vc_column_inner][\/vc_row_inner][vc_empty_space height=&#8221;43px&#8221;][vc_single_image image=&#8221;5684634&#8243; img_size=&#8221;full&#8221; onclick=&#8221;link_image&#8221;]\t\n<\/div><div class=\"item\" data-title=\"FINCA LOS MEMBRILLOS\" id=\"1569853560250-828dd018-99a9\">\n\n\t<div class=\"norebro-text-sc \" \n\tid=\"norebro-custom-69e7f6ef0c433\" \n\t \n\t>\n\n\t<h3>FINCA LOS MEMBRILLOS<\/h3>\n\t\n<\/div>[vc_empty_space height=&#8221;12px&#8221;][vc_single_image image=&#8221;5673412&#8243; img_size=&#8221;2000&#8243;][vc_empty_space height=&#8221;43px&#8221;][vc_row_inner][vc_column_inner width=&#8221;2\/3&#8243;]<div class=\"norebro-text-sc \" \n\tid=\"norebro-custom-69e7f6ef0c590\" \n\t \n\t>\n\n\t<p style=\"text-align: justify;\">Localizado no extremo leste de Paraje Altamira, este vinhedo guarda semelhan\u00e7a com as antigas fazendas rodeadas de marmeleiros da zona de La Consulta. Seu sistema de irriga\u00e7\u00e3o superficial, e o desenho de suas espaldeiras, est\u00e3o pensados para conseguir a harmonia entre a rica tradi\u00e7\u00e3o vit\u00edcola da regi\u00e3o e o manejo de nossa equipe agron\u00f4mica para alcan\u00e7ar o equil\u00edbrio dos vinhedos.<\/p>\n<p><img loading=\"lazy\" decoding=\"async\" class=\"alignnone size-full wp-image-5674346\" src=\"https:\/\/zuccardiwines.com\/nuevo\/wp-content\/uploads\/2019\/09\/valores-climaticos-1.jpg\" alt=\"\" width=\"614\" height=\"335\" srcset=\"https:\/\/zuccardiwines.com\/nuevo\/wp-content\/uploads\/2019\/09\/valores-climaticos-1.jpg 614w, https:\/\/zuccardiwines.com\/nuevo\/wp-content\/uploads\/2019\/09\/valores-climaticos-1-300x164.jpg 300w, https:\/\/zuccardiwines.com\/nuevo\/wp-content\/uploads\/2019\/09\/valores-climaticos-1-600x327.jpg 600w\" sizes=\"(max-width: 614px) 100vw, 614px\" \/><\/p>\n\t\n<\/div>[vc_empty_space height=&#8221;12px&#8221;]<div class=\"norebro-text-sc \" \n\tid=\"norebro-custom-69e7f6ef0c6f1\" \n\t \n\t>\n\n\t<p><strong>LOCALIZA\u00c7\u00c3O:<\/strong> IG Paraje Altamira, San Carlos, Valle de Uco<br \/>\n<strong>Latitude:<\/strong> 33\u00b046\u00b430\u00b4\u00b4 \u2013 Longitude: 69\u00b008\u00b437\u00b4\u00b4<br \/>\n<strong>Altitude:<\/strong> 1060 m<br \/>\n<strong>GEOMORFOLOGIA E SOLOS:<\/strong> Solo aluvial de profundidade m\u00e9dia. Horizonte superficial de textura franco arenosa e subsolo com grandes pedras cobertas de calc\u00e1rio provenientes do leque aluvial do Rio Tunuy\u00e1n.<br \/>\n<strong>ANO DE PLANTIO:<\/strong> 1998 e 2014<br \/>\n<strong>\u00c1REA TOTAL:<\/strong> 37 Hectares<br \/>\n<strong>VARIEDADES:<\/strong> Malbec, Cabernet Sauvignon, Cabernet Franc, Petit Verdot e Semill\u00f3n<br \/>\n<strong>SISTEMAS DE CONDU\u00c7\u00c3O:<\/strong> Espaldeira<br \/>\n<strong>IRRIGA\u00c7\u00c3O:<\/strong> Irriga\u00e7\u00e3o Superficial por sulcos.<\/p>\n\t\n<\/div>[\/vc_column_inner][vc_column_inner width=&#8221;1\/3&#8243;][vc_single_image image=&#8221;5674857&#8243; img_size=&#8221;full&#8221;][\/vc_column_inner][\/vc_row_inner][vc_empty_space height=&#8221;83px&#8221;][vc_single_image image=&#8221;5684637&#8243; img_size=&#8221;full&#8221; onclick=&#8221;link_image&#8221;]\t\n<\/div><div class=\"item\" data-title=\"FINCA LAS CUCHILLAS\" id=\"1569854126824-782010b1-1399\">\n\n\t<div class=\"norebro-text-sc \" \n\tid=\"norebro-custom-69e7f6ef0c94f\" \n\t \n\t>\n\n\t<h3>LAS CUCHILLAS VINEYARD<\/h3>\n\t\n<\/div>[vc_empty_space height=&#8221;12px&#8221;][vc_single_image image=&#8221;5673922&#8243; img_size=&#8221;2000&#8243;][vc_empty_space height=&#8221;43px&#8221;][vc_row_inner][vc_column_inner width=&#8221;2\/3&#8243;]<div class=\"norebro-text-sc \" \n\tid=\"norebro-custom-69e7f6ef0caa9\" \n\t \n\t>\n\n\t<p style=\"text-align: justify;\">Situada sobre o leque aluvial do Rio Las Tunas a t\u00e3o somente 600 metros das primeiras forma\u00e7\u00f5es do in\u00edcio montanhoso da Cordilheira Frontal, esta fazenda representa o aut\u00eantico vinhedo de montanha. A altitude e o clima extremos imprimem sua marca no crescimento do vinhedo e constituem a identidade de seus vinhos.<strong><br \/>\n<\/strong><\/p>\n\t\n<\/div>[vc_empty_space height=&#8221;12px&#8221;]<div class=\"norebro-text-sc \" \n\tid=\"norebro-custom-69e7f6ef0cc0e\" \n\t \n\t>\n\n\t<p><strong>LOCALIZA\u00c7\u00c3O:<\/strong> San Pablo, Tunuy\u00e1n, Valle de Uco<br \/>\n<strong>Latitude:<\/strong> 33\u00b027\u00b428\u00b4\u00b4 \u2013 Longitude:69\u00b018\u00b422\u00b4\u00b4<br \/>\n<strong>Altitude:<\/strong> 1400 m<br \/>\n<strong>GEOMORFOLOGIA E SOLOS:<\/strong> Solo aluvial de profundidade m\u00e9dia. Horizonte superficial de textura franco arenosa e subsolo com grandes pedras cobertas de calc\u00e1rio provenientes do leque aluvial do Rio Las Tunas.<br \/>\n<strong>ANO DE PLANTIO:<\/strong> 2013<br \/>\n<strong>\u00c1REA TOTAL:<\/strong> 40 Hectares<br \/>\n<strong>VARIEDADES:<\/strong> Malbec, Cabernet Franc, Bonarda, Chardonnay, Verdejo, Albari\u00f1o, Semill\u00f3n e Riesling<br \/>\n<strong>SISTEMAS DE CONDU\u00c7\u00c3O:<\/strong> Espaldeira<br \/>\n<strong>IRRIGA\u00c7\u00c3O:<\/strong> Irriga\u00e7\u00e3o por gotejamento<\/p>\n<p><img loading=\"lazy\" decoding=\"async\" class=\"alignnone wp-image-5674348 size-full\" src=\"https:\/\/zuccardiwines.com\/nuevo\/wp-content\/uploads\/2019\/09\/valores-climaticos-3.jpg\" alt=\"\" width=\"611\" height=\"332\" srcset=\"https:\/\/zuccardiwines.com\/nuevo\/wp-content\/uploads\/2019\/09\/valores-climaticos-3.jpg 611w, https:\/\/zuccardiwines.com\/nuevo\/wp-content\/uploads\/2019\/09\/valores-climaticos-3-300x163.jpg 300w, https:\/\/zuccardiwines.com\/nuevo\/wp-content\/uploads\/2019\/09\/valores-climaticos-3-600x326.jpg 600w\" sizes=\"(max-width: 611px) 100vw, 611px\" \/><\/p>\n\t\n<\/div>[\/vc_column_inner][vc_column_inner width=&#8221;1\/3&#8243;][vc_single_image image=&#8221;5674859&#8243; img_size=&#8221;full&#8221;][\/vc_column_inner][\/vc_row_inner][vc_empty_space height=&#8221;13px&#8221;][vc_single_image image=&#8221;5674862&#8243; img_size=&#8221;full&#8221; onclick=&#8221;link_image&#8221;][vc_empty_space height=&#8221;63px&#8221;]\t\n<\/div><div class=\"item\" data-title=\"FINCA LAS CERRILLADAS\" id=\"1569856275828-d45a1865-98d8\">\n\n\t<div class=\"norebro-text-sc \" \n\tid=\"norebro-custom-69e7f6ef0ce62\" \n\t \n\t>\n\n\t<h3>FINCA LAS CERRILLADAS<\/h3>\n\t\n<\/div>[vc_empty_space height=&#8221;12px&#8221;][vc_single_image image=&#8221;5674331&#8243; img_size=&#8221;2000&#8243;][vc_empty_space height=&#8221;43px&#8221;][vc_row_inner][vc_column_inner width=&#8221;2\/3&#8243;]<div class=\"norebro-text-sc \" \n\tid=\"norebro-custom-69e7f6ef0cfbe\" \n\t \n\t>\n\n\t<p style=\"text-align: justify;\">Localizada ao p\u00e9 das Lomas del Jaboncillo, \u00fanicas cerrilladas (sucess\u00e3o de afloramentos p\u00e9treos) elevadas dentro do Valle de Uco.<br \/>\nEste vinhedo expressa a diversidade e riqueza do terroir de Gualtallary. O projeto de cada uma de suas parcelas \u00e9 o resultado de anos de trabalho de interpreta\u00e7\u00e3o do vinhedo, e da pesquisa e desenvolvimento de nossa equipe.<br \/>\nEm seus solos aluviais do Rio Las Tunas encontramos diferentes materiais calc\u00e1rios tais como cascalho e caliches, que s\u00e3o expressos com transpar\u00eancia pelas vides de Malbec, Cabernet Franc e Chardonnay.<\/p>\n\t\n<\/div>[vc_empty_space height=&#8221;12px&#8221;]<div class=\"norebro-text-sc \" \n\tid=\"norebro-custom-69e7f6ef0d137\" \n\t \n\t>\n\n\t<p><strong>LOCALIZA\u00c7\u00c3O:<\/strong> Gualtallary, Tupungato, Valle de Uco<br \/>\n<strong>Latitude:<\/strong> 33\u00b023\u00b417\u00b4\u00b4 \u2013 Longitude: 69\u00b014\u00b441\u00b4\u00b4<br \/>\n<strong>Altitude:<\/strong> 1360 m<br \/>\n<strong>GEOMORFOLOGIA E SOLOS:<\/strong> Solo aluvial muito heterog\u00eaneo proveniente do leque aluvial do Rio Las Tunas e com grande influ\u00eancia das Lomas del Jaboncillo. Horizonte superficial de textura arenosa, com eventuais contribui\u00e7\u00f5es e\u00f3licas; subsolos com pedras aluviais e caliche.<br \/>\n<strong>ANO DE PLANTIO:<\/strong> 2016<br \/>\n<strong>\u00c1REA TOTAL:<\/strong> 32 Hectares<br \/>\n<strong>VARIEDADES:<\/strong> Malbec, Cabernet Franc e Chardonnay<br \/>\n<strong>SISTEMAS DE CONDU\u00c7\u00c3O:<\/strong> Espaldeira e Gobelet<br \/>\n<strong>IRRIGA\u00c7\u00c3O:<\/strong> Irriga\u00e7\u00e3o por gotejamento<\/p>\n<p><img loading=\"lazy\" decoding=\"async\" class=\"alignnone size-full wp-image-5674350\" src=\"http:\/\/chispa.com.ar\/zuccardi\/wp-content\/uploads\/2019\/09\/valores-climaticos-2.jpg\" alt=\"\" width=\"612\" height=\"332\" srcset=\"https:\/\/zuccardiwines.com\/nuevo\/wp-content\/uploads\/2019\/09\/valores-climaticos-2.jpg 612w, https:\/\/zuccardiwines.com\/nuevo\/wp-content\/uploads\/2019\/09\/valores-climaticos-2-300x163.jpg 300w, https:\/\/zuccardiwines.com\/nuevo\/wp-content\/uploads\/2019\/09\/valores-climaticos-2-600x325.jpg 600w\" sizes=\"(max-width: 612px) 100vw, 612px\" \/><\/p>\n\t\n<\/div>[\/vc_column_inner][vc_column_inner width=&#8221;1\/3&#8243;][vc_single_image image=&#8221;5674865&#8243; img_size=&#8221;full&#8221; alignment=&#8221;right&#8221;][\/vc_column_inner][\/vc_row_inner][vc_empty_space height=&#8221;63px&#8221;][vc_single_image image=&#8221;5683238&#8243; img_size=&#8221;full&#8221;]\t\n<\/div><div class=\"item\" data-title=\"FINCA AGUA DE LA JARILLA\" id=\"1569856513650-15aaff4f-4aa4\">\n\n\t<div class=\"norebro-text-sc \" \n\tid=\"norebro-custom-69e7f6ef0d389\" \n\t \n\t>\n\n\t<h3>FINCA AGUA DE LA JARILLA<\/h3>\n\t\n<\/div>[vc_empty_space height=&#8221;12px&#8221;][vc_single_image image=&#8221;5674338&#8243; img_size=&#8221;2000&#8243;][vc_empty_space height=&#8221;43px&#8221;][vc_row_inner][vc_column_inner width=&#8221;2\/3&#8243;]<div class=\"norebro-text-sc \" \n\tid=\"norebro-custom-69e7f6ef0d4e1\" \n\t \n\t>\n\n\t<p style=\"text-align: justify;\">Esta fazenda toma seu nome do arroio que desce das Lomas del Jaboncillo para as Lomas del Peral e representa o perfeito equil\u00edbrio entre paisagem e vinhedo. Com fileiras de vides integradas entre extensos canyons de vegeta\u00e7\u00e3o nativa, e com o rico relevo de quebradas e cerrillos (afloramentos e eleva\u00e7\u00f5es), cada parcela mostra uma identidade \u00fanica, reflexo da riqueza de Gualtallary.<\/p>\n\t\n<\/div>[vc_empty_space height=&#8221;12px&#8221;]<div class=\"norebro-text-sc \" \n\tid=\"norebro-custom-69e7f6ef0d640\" \n\t \n\t>\n\n\t<p><strong>LOCALIZA\u00c7\u00c3O:<\/strong> Gualtallary, Tupungato, Valle de Uco<br \/>\nLatitude: 33\u00b023\u00b417\u00b4\u00b4 \u2013 Longitude: 69\u00b014\u00b441\u00b4\u00b4<br \/>\n<strong>Altitude:<\/strong> 1385 m<br \/>\n<strong>GEOMORFOLOGIA E SOLOS:<\/strong> Solo aluvial muito heterog\u00eaneo, proveniente do leque aluvial do Rio Las Tunas e com grande influ\u00eancia das Lomas del Jaboncillo. Horizonte superficial de textura arenosa, com eventuais contribui\u00e7\u00f5es e\u00f3licas; subsolos com pedras aluviais e caliche.<br \/>\n<strong>ANO DE PLANTIO:<\/strong> 2018<br \/>\n<strong>\u00c1REA TOTAL:<\/strong> 50 Hectares<br \/>\n<strong>VARIEDADES:<\/strong> Malbec, Cabernet Franc e Chardonnay<br \/>\n<strong>SISTEMAS DE CONDU\u00c7\u00c3O:<\/strong> Espaldeira e Gobelet<br \/>\n<strong>IRRIGA\u00c7\u00c3O:<\/strong> Irriga\u00e7\u00e3o por gotejamento<\/p>\n\t\n<\/div>[vc_empty_space height=&#8221;63px&#8221;][\/vc_column_inner][vc_column_inner width=&#8221;1\/3&#8243;][vc_single_image image=&#8221;5674867&#8243; img_size=&#8221;full&#8221; alignment=&#8221;right&#8221;][\/vc_column_inner][\/vc_row_inner]\t\n<\/div>\t<\/div>\n\t<div class=\"clear\"><\/div>\n\n<\/div>[vc_empty_space height=&#8221;63px&#8221;][\/vc_column][\/vc_row]\n","protected":false},"excerpt":{"rendered":"<p>[vc_row full_width=&#8221;stretch_row&#8221; content_placement=&#8221;top&#8221; css=&#8221;.vc_custom_1557010429009{padding-top: 33px !important;}&#8221;][vc_column][vc_empty_space height=&#8221;36px&#8221;][\/vc_column][\/vc_row][vc_row][vc_column][vc_empty_space height=&#8221;63px&#8221;][\/vc_column][\/vc_row]<\/p>\n","protected":false},"author":828,"featured_media":0,"parent":0,"menu_order":0,"comment_status":"closed","ping_status":"closed","template":"","meta":{"footnotes":""},"_links":{"self":[{"href":"https:\/\/zuccardiwines.com\/nuevo\/pt-br\/wp-json\/wp\/v2\/pages\/5683283"}],"collection":[{"href":"https:\/\/zuccardiwines.com\/nuevo\/pt-br\/wp-json\/wp\/v2\/pages"}],"about":[{"href":"https:\/\/zuccardiwines.com\/nuevo\/pt-br\/wp-json\/wp\/v2\/types\/page"}],"author":[{"embeddable":true,"href":"https:\/\/zuccardiwines.com\/nuevo\/pt-br\/wp-json\/wp\/v2\/users\/828"}],"replies":[{"embeddable":true,"href":"https:\/\/zuccardiwines.com\/nuevo\/pt-br\/wp-json\/wp\/v2\/comments?post=5683283"}],"version-history":[{"count":16,"href":"https:\/\/zuccardiwines.com\/nuevo\/pt-br\/wp-json\/wp\/v2\/pages\/5683283\/revisions"}],"predecessor-version":[{"id":5684643,"href":"https:\/\/zuccardiwines.com\/nuevo\/pt-br\/wp-json\/wp\/v2\/pages\/5683283\/revisions\/5684643"}],"wp:attachment":[{"href":"https:\/\/zuccardiwines.com\/nuevo\/pt-br\/wp-json\/wp\/v2\/media?parent=5683283"}],"curies":[{"name":"wp","href":"https:\/\/api.w.org\/{rel}","templated":true}]}}