{"id":5683277,"date":"2019-08-30T19:27:07","date_gmt":"2019-08-30T19:27:07","guid":{"rendered":"https:\/\/zuccardiwines.com\/nuevo\/i-d\/"},"modified":"2022-03-29T22:50:44","modified_gmt":"2022-03-29T22:50:44","slug":"i-d","status":"publish","type":"page","link":"https:\/\/zuccardiwines.com\/nuevo\/pt-br\/i-d\/","title":{"rendered":"I + D"},"content":{"rendered":"[vc_row gap=&#8221;10&#8243; content_placement=&#8221;middle&#8221; css=&#8221;.vc_custom_1567196553657{padding-top: 66px !important;padding-bottom: 35px !important;}&#8221;][vc_column width=&#8221;1\/2&#8243;][vc_single_image image=&#8221;5673741&#8243; img_size=&#8221;full&#8221; style=&#8221;vc_box_shadow&#8221;][\/vc_column][vc_column width=&#8221;1\/2&#8243;]<div class=\"norebro-text-sc \" \n\tid=\"norebro-custom-69e7ddbe05419\" \n\t \n\t>\n\n\t<p>A \u00e1rea de pesquisa e desenvolvimento foi fundada em 2009, logo ap\u00f3s nossa chegada ao Valle de Uco, com o objetivo de analisar e controlar todas as etapas do processo produtivo, desde o vinhedo at\u00e9 a vin\u00edcola.<\/p>\n<p>Desde o in\u00edcio trabalhamos na classifica\u00e7\u00e3o de diferentes microrregi\u00f5es do Valle de Uco com diversos tipos de solos, nos quais aperfei\u00e7oamos todas as pr\u00e1ticas de vinhedo tais como os per\u00edodos de irriga\u00e7\u00e3o, a utiliza\u00e7\u00e3o de diferentes sistemas de condu\u00e7\u00e3o, as variedades que melhor se adaptam, o estilo de vinho que pode ser obtido e o momento \u00f3timo de colheita.<\/p>\n<p>Um dos principais objetivos foi o de preservar todas as caracter\u00edsticas e diversidade que obtemos em cada regi\u00e3o e vinhedo na vin\u00edcola. Por isso, foi muito importante a cria\u00e7\u00e3o de vasilhas que nos permitissem vinificar com a menor interven\u00e7\u00e3o poss\u00edvel e de maneira sustent\u00e1vel<\/p>\n<p>Atualmente utilizamos em nossa vin\u00edcola unicamente vasilhas de concreto sem ep\u00f3xi, nos formatos tronco-c\u00f4nico e \u00e2nfora.<\/p>\n\t\n<\/div>[\/vc_column][\/vc_row][vc_row full_width=&#8221;stretch_row_content_no_spaces&#8221; equal_height=&#8221;yes&#8221; content_placement=&#8221;middle&#8221; parallax=&#8221;content-moving&#8221; css=&#8221;.vc_custom_1648593514793{background-color: #b2a48e !important;}&#8221;][vc_column width=&#8221;1\/2&#8243; css=&#8221;.vc_custom_1648594096378{padding-right: 82px !important;padding-left: 82px !important;background-color: #b2a48e !important;}&#8221;]<div class=\"norebro-text-sc \" \n\tid=\"norebro-custom-69e7ddbe055a8\" \n\t data-aos=\"zoom-in\" \n\t>\n\n\t<p>A \u00e1rea de pesquisa \u00e9 hoje a incubadora onde os jovens profissionais da vin\u00edcola se formam e aperfei\u00e7oam obtendo ferramentas que lhes permitem desenvolver produtos de qualidade com pr\u00e1ticas sustent\u00e1veis.<\/p>\n\t\n<\/div>[\/vc_column][vc_column parallax=&#8221;content-moving&#8221; parallax_speed_bg=&#8221;3.5&#8243; width=&#8221;1\/2&#8243; css=&#8221;.vc_custom_1648594089039{background-image: url(https:\/\/zuccardiwines.com\/nuevo\/wp-content\/uploads\/2019\/11\/id2.jpg?id=5682721) !important;}&#8221;][vc_empty_space height=&#8221;432px&#8221;][\/vc_column][\/vc_row][vc_row css=&#8221;.vc_custom_1648593926129{padding-top: 60px !important;}&#8221;][vc_column]<div class=\"norebro-team-members-group-sc team-member cover column-3\" \n\tdata-norebro-cover-box=\"true\"\n\tid=\"argenta-custom-69e7ddbe05749\"\n\t \n\t>\n\n\t<div id=\"norebro-custom-69e7ddbe05c5b\" \n\tclass=\"cover-content\" \n\tdata-item=\"true\">\n\n\t<div class=\"content-center\">\n\t\t<div class=\"wrap\">\n\t\t\t<h3 class=\"title\">Sebasti\u00e1n Zuccardi<\/h3>\n\t\t\t<p class=\"subtitle uppercase\">Winemaker Director<\/p>\n\t\t\t<p class=\"description\">Sebasti\u00e1n Zuccardi trabalha ao lado de uma equipe de jovens profissionais com a que leva adiante tarefas, tanto nos vinhedos como na vin\u00edcola, com o objetivo de elaborar vinhos focados na identidade do terroir.<\/p>\n\n\t\t\t\n\t\t\t\t\t<\/div>\n\t<\/div>\n\n<\/div>\n\n<div class=\"image-wrap vc_col-sm-3\" data-trigger=\"true\">\n\t<div class=\"vc_row\">\n\t\t\t\t<img decoding=\"async\" src=\"https:\/\/zuccardiwines.com\/nuevo\/wp-content\/uploads\/2019\/11\/winemaking-sebastian-zuccardi.jpg\" alt=\"Sebasti\u00e1n Zuccardi\">\n\t\t\t<\/div>\n<\/div><div id=\"norebro-custom-69e7ddbe0612d\" \n\tclass=\"cover-content\" \n\tdata-item=\"true\">\n\n\t<div class=\"content-center\">\n\t\t<div class=\"wrap\">\n\t\t\t<h3 class=\"title\">LAURA PRINCIPIANO<\/h3>\n\t\t\t<p class=\"subtitle uppercase\">Winemaker<\/p>\n\t\t\t<p class=\"description\">Desde sua incorpora\u00e7\u00e3o em 2009, trabalhou os conceitos base para o projeto e constru\u00e7\u00e3o da vin\u00edcola. Desde a safra 2014, \u00e9 a respons\u00e1vel enol\u00f3gica deste projeto e tamb\u00e9m da \u00e1rea de pesquisa e desenvolvimento.<\/p>\n\n\t\t\t\n\t\t\t\t\t<\/div>\n\t<\/div>\n\n<\/div>\n\n<div class=\"image-wrap vc_col-sm-3\" data-trigger=\"true\">\n\t<div class=\"vc_row\">\n\t\t\t\t<img decoding=\"async\" src=\"https:\/\/zuccardiwines.com\/nuevo\/wp-content\/uploads\/2019\/11\/winemaking-laura-principiano.jpg\" alt=\"LAURA PRINCIPIANO\">\n\t\t\t<\/div>\n<\/div><div id=\"norebro-custom-69e7ddbe065c3\" \n\tclass=\"cover-content\" \n\tdata-item=\"true\">\n\n\t<div class=\"content-center\">\n\t\t<div class=\"wrap\">\n\t\t\t<h3 class=\"title\">MARTIN DI ST\u00c9FANO<\/h3>\n\t\t\t<p class=\"subtitle uppercase\">Viticultor<\/p>\n\t\t\t<p class=\"description\">Martin se incorporou \u00e0 vin\u00edcola em 2010 como engenheiro agr\u00f4nomo a cargo das fazendas no Valle de Uco ap\u00f3s ter se formado com honras pela Universidade Nacional de Cuyo. Apaixonado pelos solos, realiza ensaios em vinhedos com o objetivo de respeitar a identidade de cada um deles.<\/p>\n\n\t\t\t\n\t\t\t\t\t<\/div>\n\t<\/div>\n\n<\/div>\n\n<div class=\"image-wrap vc_col-sm-3\" data-trigger=\"true\">\n\t<div class=\"vc_row\">\n\t\t\t\t<img decoding=\"async\" src=\"https:\/\/zuccardiwines.com\/nuevo\/wp-content\/uploads\/2019\/11\/winemaking-martin-distefano.jpg\" alt=\"MARTIN DI ST\u00c9FANO\">\n\t\t\t<\/div>\n<\/div>\n<\/div>[vc_empty_space height=&#8221;82px&#8221;][\/vc_column][\/vc_row]\n","protected":false},"excerpt":{"rendered":"<p>[vc_row gap=&#8221;10&#8243; content_placement=&#8221;middle&#8221; css=&#8221;.vc_custom_1567196553657{padding-top: 66px !important;padding-bottom: 35px !important;}&#8221;][vc_column width=&#8221;1\/2&#8243;][vc_single_image image=&#8221;5673741&#8243; img_size=&#8221;full&#8221; style=&#8221;vc_box_shadow&#8221;][\/vc_column][vc_column width=&#8221;1\/2&#8243;][\/vc_column][\/vc_row][vc_row full_width=&#8221;stretch_row_content_no_spaces&#8221;&#8230;<\/p>\n","protected":false},"author":828,"featured_media":0,"parent":0,"menu_order":0,"comment_status":"closed","ping_status":"closed","template":"","meta":{"footnotes":""},"_links":{"self":[{"href":"https:\/\/zuccardiwines.com\/nuevo\/pt-br\/wp-json\/wp\/v2\/pages\/5683277"}],"collection":[{"href":"https:\/\/zuccardiwines.com\/nuevo\/pt-br\/wp-json\/wp\/v2\/pages"}],"about":[{"href":"https:\/\/zuccardiwines.com\/nuevo\/pt-br\/wp-json\/wp\/v2\/types\/page"}],"author":[{"embeddable":true,"href":"https:\/\/zuccardiwines.com\/nuevo\/pt-br\/wp-json\/wp\/v2\/users\/828"}],"replies":[{"embeddable":true,"href":"https:\/\/zuccardiwines.com\/nuevo\/pt-br\/wp-json\/wp\/v2\/comments?post=5683277"}],"version-history":[{"count":26,"href":"https:\/\/zuccardiwines.com\/nuevo\/pt-br\/wp-json\/wp\/v2\/pages\/5683277\/revisions"}],"predecessor-version":[{"id":5683392,"href":"https:\/\/zuccardiwines.com\/nuevo\/pt-br\/wp-json\/wp\/v2\/pages\/5683277\/revisions\/5683392"}],"wp:attachment":[{"href":"https:\/\/zuccardiwines.com\/nuevo\/pt-br\/wp-json\/wp\/v2\/media?parent=5683277"}],"curies":[{"name":"wp","href":"https:\/\/api.w.org\/{rel}","templated":true}]}}