{"id":5683272,"date":"2019-02-18T00:08:39","date_gmt":"2019-02-18T00:08:39","guid":{"rendered":"https:\/\/zuccardiwines.com\/nuevo\/home\/"},"modified":"2022-04-20T22:41:53","modified_gmt":"2022-04-20T22:41:53","slug":"home","status":"publish","type":"page","link":"https:\/\/zuccardiwines.com\/nuevo\/pt-br\/","title":{"rendered":"Home"},"content":{"rendered":"[vc_row full_width=&#8221;stretch_row&#8221; full_height=&#8221;yes&#8221; columns_placement=&#8221;top&#8221; css=&#8221;.vc_custom_1554168827496{margin-right: 0px !important;margin-bottom: 0px !important;margin-left: 0px !important;padding-top: 0px !important;padding-right: 0px !important;padding-bottom: 0px !important;padding-left: 0px !important;}&#8221;][vc_column][rev_slider_vc alias=&#8221;homo-not&#8221;][\/vc_column][\/vc_row][vc_row css=&#8221;.vc_custom_1631110632322{margin-bottom: 50px !important;padding-top: 120px !important;padding-bottom: 120px !important;}&#8221;][vc_column]<div class=\"norebro-text-sc \" \n\tid=\"norebro-custom-69e7f6f23e63f\" \n\t data-aos=\"fade-down\" \n\t data-aos-duration=\"2000\">\n\n\t<h2 style=\"text-align: center;\">\u201cOur wines are wines of the sun,<br \/>\nbut also of the soil.\u201d<\/h2>\n<p style=\"text-align: center;\"><em> Sebasti\u00e1n Zuccardi &#8211; Washington Post.<\/em><\/p>\n\t\n<\/div>[\/vc_column][\/vc_row][vc_row full_width=&#8221;stretch_row&#8221; equal_height=&#8221;yes&#8221; content_placement=&#8221;middle&#8221; css=&#8221;.vc_custom_1631110692536{margin-top: 25px !important;margin-right: 0px !important;margin-bottom: 55px !important;margin-left: 0px !important;padding-top: 80px !important;padding-bottom: 80px !important;background-image: url(https:\/\/zuccardiwines.com\/nuevo\/wp-content\/uploads\/2019\/06\/vinos-de-mont.jpg?id=5673863) !important;}&#8221;][vc_column][vc_row_inner][vc_column_inner width=&#8221;1\/2&#8243; css=&#8221;.vc_custom_1631111754468{padding-top: 20px !important;padding-bottom: 23px !important;}&#8221;]<div class=\"norebro-heading-sc heading text-left\"\n\tid=\"norebro-custom-69e7f6f23e7db\" \n\t data-aos=\"fade-up\" \n\t>\n\t\n\t\t\t<p class=\"subtitle\">\n\t\t\tVinhos que expressam a identidade de cada terroir\t\t<\/p>\n\t\n\t\n\t<h3 class=\"title subtitle-top\">\n\t\tVINHOS DE MONTANHA\t<\/h3>\n\n\t\t\t<div class=\"divider\"><\/div>\n\t\n\t\t\n<\/div>[vc_empty_space][vc_column_text css_animation=&#8221;fadeIn&#8221;]<span style=\"color: #ffffff;\">Cada linha de vinhos Zuccardi representa um forte conceito, uma cren\u00e7a, uma homenagem. Cada vinho busca ser \u00fanico, fiel express\u00e3o do vinhedo onde foi gestado, e transmitir essa perfeita combina\u00e7\u00e3o de clima, solo, altitude, e trabalho do homem.<\/span>[\/vc_column_text]<div class=\"norebro-button-sc btn-wrap text-left\" \n\tid=\"norebro-custom-69e7f6f23e9a2\"\n\t \n\t>\n\n\t<a href=\"https:\/\/zuccardiwines.com\/nuevo\/pt-br\/vinos-de-montana\/\" \n\t\tclass=\"btn  btn-link\">\n\n\t\t\n\t\t\n\t\t<span class=\"text\">\n\t\t\tConhe\u00e7a nossos vinhos\t\t<\/span>\n\n\t\t\t\t\t<span class=\"icon ion-right linea-arrows-slim-right\"><\/span>\n\t\t\n\t\t\n\t\t\t\t\t<span class=\"icon-arrow ion-ios-arrow-thin-right\"><\/span>\n\t\t\t<\/a>\n\n<\/div>[\/vc_column_inner][vc_column_inner width=&#8221;1\/2&#8243;][\/vc_column_inner][\/vc_row_inner][vc_empty_space height=&#8221;62px&#8221;][\/vc_column][\/vc_row][vc_row][vc_column width=&#8221;1\/2&#8243;]<div class=\"norebro-banner-box-sc banner-box overlay-title\"\n\tid=\"norebro-custom-69e7f6f23edd6\"\n\t data-aos=\"fade-up\"\t data-aos-duration=\"2000\">\n\n\t\t\t<div class=\"image-wrap\">\n\t\t\t<img decoding=\"async\" src=\"https:\/\/zuccardiwines.com\/nuevo\/wp-content\/uploads\/2019\/05\/home-turismo.jpg\" alt=\"Hospitality\">\n\t\t\t<div class=\"overlay default\">\n\t\t\t\t\t\t\t<\/div>\n\t\t<\/div>\n\t\t<div class=\"content\">\n\n\t\t\t<div class=\"title-wrap\">\n\t\t\t\t<h4>Hospitality<\/h4>\n\t\t\t\t\t\t\t\t<p class=\"subtitle\">Visitas guiadas e Piedra Infinita Cocina<\/p>\n\t\t\t\t\t\t\t<\/div>\n\n\t\t\t<div class=\"description-wrap\">\n\t\t\t\t<p class=\"description\">Os visitantes podem percorrer os espa\u00e7os de nossa vin\u00edcola e viver a experi\u00eancia de caminhar entre os vinhedos descobrindo as caracter\u00edsticas e particularidades dos diferentes solos que outorgam identidade a nossos vinhos, bem como descobrir nosso restaurante Piedra Infinita Cocina, bem em frente da majestosa Cordilheira dos Andes, e que conta com capacidade para 50 comensais.<\/p>\n\n\t\t\t\t\t\t\t\t<a class=\"btn brand-bg-color-hover-i brand-border-color-hover-i btn-small btn-outline\" href=\"https:\/\/zuccardiwines.com\/nuevo\/pt-br\/turismo\/\">\n\t\t\t\t\tIr a Hospitality\t\t\t\t\t\t\t\t\t<\/a>\n\t\t\t\t\t\t\t<\/div>\n\n\t\t<\/div>\n\t\n<\/div>\n[\/vc_column][vc_column width=&#8221;1\/2&#8243;]<div class=\"norebro-banner-box-sc banner-box overlay-title\"\n\tid=\"norebro-custom-69e7f6f23f219\"\n\t data-aos=\"fade-up\"\t data-aos-duration=\"2200\">\n\n\t\t\t<div class=\"image-wrap\">\n\t\t\t<img decoding=\"async\" src=\"https:\/\/zuccardiwines.com\/nuevo\/wp-content\/uploads\/2019\/05\/home-fincas.jpg\" alt=\"NOSSAS FAZENDAS\">\n\t\t\t<div class=\"overlay default\">\n\t\t\t\t\t\t\t<\/div>\n\t\t<\/div>\n\t\t<div class=\"content\">\n\n\t\t\t<div class=\"title-wrap\">\n\t\t\t\t<h4>NOSSAS FAZENDAS<\/h4>\n\t\t\t\t\t\t\t\t<p class=\"subtitle\">El origen de nuestros vinos<\/p>\n\t\t\t\t\t\t\t<\/div>\n\n\t\t\t<div class=\"description-wrap\">\n\t\t\t\t<p class=\"description\">Desde o trabalho agron\u00f4mico e a viticultura, busca-se respeitar a heterogeneidade dos solos, destacando-se a ess\u00eancia do terroir e manejando cada planta de modo diferente para obter uvas que expressem a identidade de sua origem tendo os Andes como marco e testemunha da hist\u00f3ria.<\/p>\n\n\t\t\t\t\t\t\t\t<a class=\"btn brand-bg-color-hover-i brand-border-color-hover-i btn-small btn-outline\" href=\"https:\/\/zuccardiwines.com\/nuevo\/pt-br\/fincas-2\/\">\n\t\t\t\t\tVer Fazendas\t\t\t\t\t\t\t\t\t<\/a>\n\t\t\t\t\t\t\t<\/div>\n\n\t\t<\/div>\n\t\n<\/div>\n[\/vc_column][\/vc_row][vc_row][vc_column][vc_empty_space height=&#8221;100px&#8221;][\/vc_column][\/vc_row]\n","protected":false},"excerpt":{"rendered":"<p>[vc_row full_width=&#8221;stretch_row&#8221; full_height=&#8221;yes&#8221; columns_placement=&#8221;top&#8221; css=&#8221;.vc_custom_1554168827496{margin-right: 0px !important;margin-bottom: 0px !important;margin-left: 0px !important;padding-top: 0px !important;padding-right: 0px&#8230;<\/p>\n","protected":false},"author":828,"featured_media":0,"parent":0,"menu_order":0,"comment_status":"closed","ping_status":"closed","template":"","meta":{"footnotes":""},"_links":{"self":[{"href":"https:\/\/zuccardiwines.com\/nuevo\/pt-br\/wp-json\/wp\/v2\/pages\/5683272"}],"collection":[{"href":"https:\/\/zuccardiwines.com\/nuevo\/pt-br\/wp-json\/wp\/v2\/pages"}],"about":[{"href":"https:\/\/zuccardiwines.com\/nuevo\/pt-br\/wp-json\/wp\/v2\/types\/page"}],"author":[{"embeddable":true,"href":"https:\/\/zuccardiwines.com\/nuevo\/pt-br\/wp-json\/wp\/v2\/users\/828"}],"replies":[{"embeddable":true,"href":"https:\/\/zuccardiwines.com\/nuevo\/pt-br\/wp-json\/wp\/v2\/comments?post=5683272"}],"version-history":[{"count":12,"href":"https:\/\/zuccardiwines.com\/nuevo\/pt-br\/wp-json\/wp\/v2\/pages\/5683272\/revisions"}],"predecessor-version":[{"id":5683462,"href":"https:\/\/zuccardiwines.com\/nuevo\/pt-br\/wp-json\/wp\/v2\/pages\/5683272\/revisions\/5683462"}],"wp:attachment":[{"href":"https:\/\/zuccardiwines.com\/nuevo\/pt-br\/wp-json\/wp\/v2\/media?parent=5683272"}],"curies":[{"name":"wp","href":"https:\/\/api.w.org\/{rel}","templated":true}]}}