{"id":5683252,"date":"2022-01-27T00:35:44","date_gmt":"2022-01-27T00:35:44","guid":{"rendered":"https:\/\/zuccardiwines.com\/nuevo\/vinicola\/"},"modified":"2022-03-29T21:00:10","modified_gmt":"2022-03-29T21:00:10","slug":"vinicola","status":"publish","type":"page","link":"https:\/\/zuccardiwines.com\/nuevo\/pt-br\/vinicola\/","title":{"rendered":"Vin\u00edcola"},"content":{"rendered":"[vc_row css=&#8221;.vc_custom_1648583361433{padding-right: 25px !important;padding-left: 25px !important;}&#8221;][vc_column]<div class=\"norebro-text-sc \" \n\tid=\"norebro-custom-69d261bb8f93d\" \n\t \n\t>\n\n\t<p style=\"text-align: center;\">A constru\u00e7\u00e3o de nossa vin\u00edcola come\u00e7ou em 2013 e foi inaugurada em 2016.<\/p>\n<p style=\"text-align: center;\">O pr\u00e9dio \u00e9 uma homenagem \u00e0 montanha que define tanto o clima como os solos da regi\u00e3o.<br \/>\nA constru\u00e7\u00e3o foi realizada com elementos naturais, pedras do lugar redondas, brancas, calc\u00e1rias. Foi edificada com cimento, de fora para dentro, desde as paredes de pedra at\u00e9 os tanques de concreto sem cobertura ep\u00f3xi onde atualmente s\u00e3o elaborados os vinhos.<\/p>\n<p style=\"text-align: center;\">Os tanques e \u00e2nforas s\u00e3o o resultado de anos de experimenta\u00e7\u00e3o na busca da vasilha ideal, at\u00e9 chegarmos \u00e0 tronco-conicidade como forma que permite um trabalho mais natural nos mostos e vinhos.<\/p>\n\t\n<\/div>[vc_empty_space height=&#8221;62px&#8221;][\/vc_column][\/vc_row][vc_row][vc_column][vc_images_carousel images=&#8221;5680603,5680605,5680601,5680607&#8243; img_size=&#8221;full&#8221; onclick=&#8221;link_no&#8221; speed=&#8221;2400&#8243; autoplay=&#8221;yes&#8221; wrap=&#8221;yes&#8221; css_animation=&#8221;fadeInDown&#8221;][\/vc_column][\/vc_row][vc_row][vc_column][vc_empty_space height=&#8221;82px&#8221;][\/vc_column][\/vc_row]\n","protected":false},"excerpt":{"rendered":"<p>[vc_row css=&#8221;.vc_custom_1648583361433{padding-right: 25px !important;padding-left: 25px !important;}&#8221;][vc_column][vc_empty_space height=&#8221;62px&#8221;][\/vc_column][\/vc_row][vc_row][vc_column][vc_images_carousel images=&#8221;5680603,5680605,5680601,5680607&#8243; img_size=&#8221;full&#8221; onclick=&#8221;link_no&#8221; speed=&#8221;2400&#8243; autoplay=&#8221;yes&#8221; wrap=&#8221;yes&#8221; css_animation=&#8221;fadeInDown&#8221;][\/vc_column][\/vc_row][vc_row][vc_column][vc_empty_space&#8230;<\/p>\n","protected":false},"author":828,"featured_media":0,"parent":0,"menu_order":0,"comment_status":"closed","ping_status":"closed","template":"","meta":{"footnotes":""},"_links":{"self":[{"href":"https:\/\/zuccardiwines.com\/nuevo\/pt-br\/wp-json\/wp\/v2\/pages\/5683252"}],"collection":[{"href":"https:\/\/zuccardiwines.com\/nuevo\/pt-br\/wp-json\/wp\/v2\/pages"}],"about":[{"href":"https:\/\/zuccardiwines.com\/nuevo\/pt-br\/wp-json\/wp\/v2\/types\/page"}],"author":[{"embeddable":true,"href":"https:\/\/zuccardiwines.com\/nuevo\/pt-br\/wp-json\/wp\/v2\/users\/828"}],"replies":[{"embeddable":true,"href":"https:\/\/zuccardiwines.com\/nuevo\/pt-br\/wp-json\/wp\/v2\/comments?post=5683252"}],"version-history":[{"count":12,"href":"https:\/\/zuccardiwines.com\/nuevo\/pt-br\/wp-json\/wp\/v2\/pages\/5683252\/revisions"}],"predecessor-version":[{"id":5683346,"href":"https:\/\/zuccardiwines.com\/nuevo\/pt-br\/wp-json\/wp\/v2\/pages\/5683252\/revisions\/5683346"}],"wp:attachment":[{"href":"https:\/\/zuccardiwines.com\/nuevo\/pt-br\/wp-json\/wp\/v2\/media?parent=5683252"}],"curies":[{"name":"wp","href":"https:\/\/api.w.org\/{rel}","templated":true}]}}