{"id":5683243,"date":"2019-03-31T15:19:11","date_gmt":"2019-03-31T15:19:11","guid":{"rendered":"https:\/\/zuccardiwines.com\/nuevo\/?page_id=5683243"},"modified":"2022-03-09T11:46:37","modified_gmt":"2022-03-09T11:46:37","slug":"familia-2","status":"publish","type":"page","link":"https:\/\/zuccardiwines.com\/nuevo\/pt-br\/familia-2\/","title":{"rendered":"Fam\u00edlia"},"content":{"rendered":"[vc_row][vc_column width=&#8221;1\/6&#8243;][\/vc_column][vc_column width=&#8221;2\/3&#8243;]<div class=\"norebro-text-sc \" \n\tid=\"norebro-custom-69e7ddfd95a12\" \n\t \n\t>\n\n\t<p style=\"text-align: center;\">Sebasti\u00e1n Zuccardi cresceu no seio de uma fam\u00edlia de forte esp\u00edrito vision\u00e1rio e inovador. Desde que em 1963 seu av\u00f4, o engenheiro Alberto Zuccardi, plantou os primeiros hectares de videiras em Maip\u00fa, Mendoza, Familia Zuccardi n\u00e3o tem parado de crescer e se desenvolver at\u00e9 se posicionar como um importante referente da vitivinicultura argentina.<\/p>\n<p style=\"text-align: center;\">De seu pai, Jos\u00e9 Alberto Zuccardi, Sebasti\u00e1n herdou a determina\u00e7\u00e3o e o af\u00e3 pela busca permanente da excel\u00eancia.<\/p>\n\t\n<\/div>[vc_empty_space css=&#8221;.vc_custom_1554047747252{border-bottom-width: 1px !important;}&#8221;]<div class=\"norebro-testimonial-sc testimonials \" \n\tid=\"norebro-custom-69e7ddfd95bb0\"\n\t data-aos=\"fade-up\" \n\t data-aos-duration=\"3000\">\n\t\n\t\n\t<blockquote>\n\t\t\u201c...N\u00c3O BUSCAR VINHOS PERFEITOS, SEN\u00c3O AQUELES QUE EXPRESSEM O LUGAR, A REGI\u00c3O\u201d.\t<\/blockquote>\n\n\t\n\t<h4 class=\"title\">\u2014 Sebasti\u00e1n Zuccardi<\/h4>\n\t<p class=\"subtitle small\">\n\t\t\t<\/p>\n\n<\/div>[vc_empty_space css=&#8221;.vc_custom_1554047730859{border-top-width: 1px !important;}&#8221;]<div class=\"norebro-parallax-sc parallax\"\nid=\"norebro-custom-69e7ddfd960a5\"\ndata-parallax-bg=\"vertical\" \ndata-parallax-speed=\"1.0\">\n\t\n\t<div class=\"parallax-bg\"><\/div>\n\t<div class=\"parallax-content\">\n\t\t[vc_empty_space height=&#8221;200px&#8221;]\t<\/div>\n\n<\/div>[vc_empty_space css=&#8221;.vc_custom_1554047730859{border-top-width: 1px !important;}&#8221;]<div class=\"norebro-text-sc \" \n\tid=\"norebro-custom-69e7ddfd96280\" \n\t \n\t>\n\n\t<p style=\"text-align: center;\">Hoje, Sebasti\u00e1n, terceira gera\u00e7\u00e3o da fam\u00edlia, est\u00e1 trabalhando \u00e0 frente de uma jovem equipe agr\u00edcola e enol\u00f3gica, encarregada de produzir vinhos com os mais elevados padr\u00f5es de qualidade no Valle de Uco.<\/p>\n<p style=\"text-align: center;\">Por iniciativa pr\u00f3pria, desde 2008 a vin\u00edcola conta com uma \u00e1rea de Pesquisa e Desenvolvimento dedicada ao estudo do terroir e das diversas vari\u00e1veis que incidem na qualidade do vinho. O objetivo \u00e9, segundo palavras do pr\u00f3prio Sebasti\u00e1n, <em>\u201cn\u00e3o buscar vinhos perfeitos, sen\u00e3o aqueles que expressem o lugar, a regi\u00e3o\u201d.<\/em><\/p>\n\t\n<\/div>[\/vc_column][vc_column width=&#8221;1\/6&#8243;][\/vc_column][\/vc_row]\n","protected":false},"excerpt":{"rendered":"<p>[vc_row][vc_column width=&#8221;1\/6&#8243;][\/vc_column][vc_column width=&#8221;2\/3&#8243;][vc_empty_space css=&#8221;.vc_custom_1554047747252{border-bottom-width: 1px !important;}&#8221;][vc_empty_space css=&#8221;.vc_custom_1554047730859{border-top-width: 1px !important;}&#8221;][vc_empty_space css=&#8221;.vc_custom_1554047730859{border-top-width: 1px !important;}&#8221;][\/vc_column][vc_column width=&#8221;1\/6&#8243;][\/vc_column][\/vc_row]<\/p>\n","protected":false},"author":828,"featured_media":0,"parent":0,"menu_order":0,"comment_status":"closed","ping_status":"closed","template":"","meta":{"footnotes":""},"_links":{"self":[{"href":"https:\/\/zuccardiwines.com\/nuevo\/pt-br\/wp-json\/wp\/v2\/pages\/5683243"}],"collection":[{"href":"https:\/\/zuccardiwines.com\/nuevo\/pt-br\/wp-json\/wp\/v2\/pages"}],"about":[{"href":"https:\/\/zuccardiwines.com\/nuevo\/pt-br\/wp-json\/wp\/v2\/types\/page"}],"author":[{"embeddable":true,"href":"https:\/\/zuccardiwines.com\/nuevo\/pt-br\/wp-json\/wp\/v2\/users\/828"}],"replies":[{"embeddable":true,"href":"https:\/\/zuccardiwines.com\/nuevo\/pt-br\/wp-json\/wp\/v2\/comments?post=5683243"}],"version-history":[{"count":6,"href":"https:\/\/zuccardiwines.com\/nuevo\/pt-br\/wp-json\/wp\/v2\/pages\/5683243\/revisions"}],"predecessor-version":[{"id":5683300,"href":"https:\/\/zuccardiwines.com\/nuevo\/pt-br\/wp-json\/wp\/v2\/pages\/5683243\/revisions\/5683300"}],"wp:attachment":[{"href":"https:\/\/zuccardiwines.com\/nuevo\/pt-br\/wp-json\/wp\/v2\/media?parent=5683243"}],"curies":[{"name":"wp","href":"https:\/\/api.w.org\/{rel}","templated":true}]}}