{"id":5676245,"date":"2019-08-30T19:27:07","date_gmt":"2019-08-30T19:27:07","guid":{"rendered":"https:\/\/zuccardiwines.com\/nuevo\/i-d\/"},"modified":"2022-02-10T20:30:57","modified_gmt":"2022-02-10T20:30:57","slug":"i-d","status":"publish","type":"page","link":"https:\/\/zuccardiwines.com\/nuevo\/en\/i-d\/","title":{"rendered":"R &#038; D"},"content":{"rendered":"[vc_row gap=&#8221;10&#8243; content_placement=&#8221;middle&#8221; css=&#8221;.vc_custom_1567196553657{padding-top: 66px !important;padding-bottom: 35px !important;}&#8221;][vc_column width=&#8221;1\/2&#8243;][vc_single_image image=&#8221;5673741&#8243; img_size=&#8221;full&#8221; style=&#8221;vc_box_shadow&#8221;][\/vc_column][vc_column width=&#8221;1\/2&#8243;]<div class=\"norebro-text-sc \" \n\tid=\"norebro-custom-69e7ddd48fad2\" \n\t \n\t>\n\n\t<p style=\"text-align: justify;\">El \u00e1rea de investigaci\u00f3n y desarrollo fue fundada en el a\u00f1o 2009, luego de nuestra llegada a Valle de Uco, con el objetivo de analizar y controlar todas las etapas del proceso productivo, desde el vi\u00f1edo hasta la bodega.<\/p>\n<p style=\"text-align: justify;\">Desde el comienzo trabajamos en la clasificaci\u00f3n de diferentes microrregiones del Valle de Uco con diversos tipos de suelos, en los que perfeccionamos todas las pr\u00e1cticas de vi\u00f1edo, como los periodos de riego, la utilizaci\u00f3n de diferentes sistemas de conducci\u00f3n, las variedades que se adaptan mejor, el estilo de vino que se puede obtener y el momento \u00f3ptimo de cosecha.<\/p>\n<p style=\"text-align: justify;\">Uno de los principales objetivos fue preservar todas las caracter\u00edsticas y diversidad, que obtenemos en cada regi\u00f3n y vi\u00f1edo, en la bodega. Por eso fue muy importante la creaci\u00f3n de vasijas que nos permitieran vinificar con la menor intervenci\u00f3n posible y de manera sustentable<br \/>\nHoy en nuestra bodega utilizamos \u00fanicamente vasijas de concreto sin epoxi, en los formatos troncoc\u00f3nico y \u00e1nfora.<\/p>\n\t\n<\/div>[\/vc_column][\/vc_row][vc_row][vc_column][vc_empty_space][\/vc_column][\/vc_row][vc_row full_width=&#8221;stretch_row&#8221; css=&#8221;.vc_custom_1567195877915{background-color: #e5e5e5 !important;}&#8221;][vc_column][vc_empty_space height=&#8221;52px&#8221;][vc_row_inner equal_height=&#8221;yes&#8221; content_placement=&#8221;middle&#8221;][vc_column_inner width=&#8221;1\/2&#8243; css=&#8221;.vc_custom_1591022243558{padding-right: 44px !important;padding-left: 44px !important;background-color: #b2a48e !important;}&#8221;]<div class=\"norebro-text-sc \" \n\tid=\"norebro-custom-69e7ddd48fc52\" \n\t \n\t>\n\n\t<p>El \u00e1rea de investigaci\u00f3n es hoy el semillero donde los j\u00f3venes profesionales de la bodega se forman y perfeccionan obteniendo herramientas que les permiten desarrollar productos de calidad con pr\u00e1cticas sustentables.<\/p>\n\t\n<\/div>[\/vc_column_inner][vc_column_inner width=&#8221;1\/2&#8243;][vc_single_image image=&#8221;5674879&#8243; img_size=&#8221;full&#8221; css_animation=&#8221;fadeInDown&#8221;][\/vc_column_inner][\/vc_row_inner][vc_empty_space]<div class=\"norebro-team-members-group-sc team-member cover column-3\" \n\tdata-norebro-cover-box=\"true\"\n\tid=\"argenta-custom-69e7ddd48fdaa\"\n\t \n\t>\n\n\t<div id=\"norebro-custom-69e7ddd490297\" \n\tclass=\"cover-content\" \n\tdata-item=\"true\">\n\n\t<div class=\"content-center\">\n\t\t<div class=\"wrap\">\n\t\t\t<h3 class=\"title\">Sebasti\u00e1n Zuccardi<\/h3>\n\t\t\t<p class=\"subtitle uppercase\">Winemaker Director<\/p>\n\t\t\t<p class=\"description\">Sebasti\u00e1n Zuccardi trabaja junto a un equipo de j\u00f3venes profesionales con el que lleva adelante tareas, tanto en vi\u00f1edos como en bodega, con el objetivo de elaborar vinos enfocados en la identidad del terroir.<\/p>\n\n\t\t\t\n\t\t\t\t\t<\/div>\n\t<\/div>\n\n<\/div>\n\n<div class=\"image-wrap vc_col-sm-3\" data-trigger=\"true\">\n\t<div class=\"vc_row\">\n\t\t\t\t<img decoding=\"async\" src=\"https:\/\/zuccardiwines.com\/nuevo\/wp-content\/uploads\/2019\/11\/winemaking-sebastian-zuccardi.jpg\" alt=\"Sebasti\u00e1n Zuccardi\">\n\t\t\t<\/div>\n<\/div><div id=\"norebro-custom-69e7ddd4906be\" \n\tclass=\"cover-content\" \n\tdata-item=\"true\">\n\n\t<div class=\"content-center\">\n\t\t<div class=\"wrap\">\n\t\t\t<h3 class=\"title\">LAURA PRINCIPIANO<\/h3>\n\t\t\t<p class=\"subtitle uppercase\">Winemaker<\/p>\n\t\t\t<p class=\"description\">Desde su incorporaci\u00f3n en 2009, trabaj\u00f3 los conceptos base para el dise\u00f1o y construcci\u00f3n de la bodega. Desde la cosecha 2014, es la responsable enol\u00f3gica de este proyecto y tambi\u00e9n del \u00e1rea de Investigaci\u00f3n y desarrollo.<\/p>\n\n\t\t\t\n\t\t\t\t\t<\/div>\n\t<\/div>\n\n<\/div>\n\n<div class=\"image-wrap vc_col-sm-3\" data-trigger=\"true\">\n\t<div class=\"vc_row\">\n\t\t\t\t<img decoding=\"async\" src=\"https:\/\/zuccardiwines.com\/nuevo\/wp-content\/uploads\/2019\/11\/winemaking-laura-principiano.jpg\" alt=\"LAURA PRINCIPIANO\">\n\t\t\t<\/div>\n<\/div><div id=\"norebro-custom-69e7ddd490b0a\" \n\tclass=\"cover-content\" \n\tdata-item=\"true\">\n\n\t<div class=\"content-center\">\n\t\t<div class=\"wrap\">\n\t\t\t<h3 class=\"title\">MARTIN DI ST\u00c9FANO<\/h3>\n\t\t\t<p class=\"subtitle uppercase\">Viticultorist<\/p>\n\t\t\t<p class=\"description\">Martin se incorpor\u00f3 a la bodega en el a\u00f1o 2010 como ingeniero agr\u00f3nomo a cargo de las fincas en el Valle de Uco luego de haber egresado con honores de la Universidad Nacional de Cuyo. Apasionado por los suelos, lleva a cabo ensayos en vi\u00f1edos con el objetivo de respetar la identidad de cada uno de ellos.<\/p>\n\n\t\t\t\n\t\t\t\t\t<\/div>\n\t<\/div>\n\n<\/div>\n\n<div class=\"image-wrap vc_col-sm-3\" data-trigger=\"true\">\n\t<div class=\"vc_row\">\n\t\t\t\t<img decoding=\"async\" src=\"https:\/\/zuccardiwines.com\/nuevo\/wp-content\/uploads\/2019\/11\/winemaking-martin-distefano.jpg\" alt=\"MARTIN DI ST\u00c9FANO\">\n\t\t\t<\/div>\n<\/div>\n<\/div>[vc_empty_space height=&#8221;82px&#8221;][\/vc_column][\/vc_row]\n","protected":false},"excerpt":{"rendered":"<p>[vc_row gap=&#8221;10&#8243; content_placement=&#8221;middle&#8221; css=&#8221;.vc_custom_1567196553657{padding-top: 66px !important;padding-bottom: 35px !important;}&#8221;][vc_column width=&#8221;1\/2&#8243;][vc_single_image image=&#8221;5673741&#8243; img_size=&#8221;full&#8221; style=&#8221;vc_box_shadow&#8221;][\/vc_column][vc_column width=&#8221;1\/2&#8243;][\/vc_column][\/vc_row][vc_row][vc_column][vc_empty_space][\/vc_column][\/vc_row][vc_row full_width=&#8221;stretch_row&#8221;&#8230;<\/p>\n","protected":false},"author":828,"featured_media":0,"parent":0,"menu_order":0,"comment_status":"closed","ping_status":"closed","template":"","meta":{"footnotes":""},"_links":{"self":[{"href":"https:\/\/zuccardiwines.com\/nuevo\/en\/wp-json\/wp\/v2\/pages\/5676245"}],"collection":[{"href":"https:\/\/zuccardiwines.com\/nuevo\/en\/wp-json\/wp\/v2\/pages"}],"about":[{"href":"https:\/\/zuccardiwines.com\/nuevo\/en\/wp-json\/wp\/v2\/types\/page"}],"author":[{"embeddable":true,"href":"https:\/\/zuccardiwines.com\/nuevo\/en\/wp-json\/wp\/v2\/users\/828"}],"replies":[{"embeddable":true,"href":"https:\/\/zuccardiwines.com\/nuevo\/en\/wp-json\/wp\/v2\/comments?post=5676245"}],"version-history":[{"count":6,"href":"https:\/\/zuccardiwines.com\/nuevo\/en\/wp-json\/wp\/v2\/pages\/5676245\/revisions"}],"predecessor-version":[{"id":5683278,"href":"https:\/\/zuccardiwines.com\/nuevo\/en\/wp-json\/wp\/v2\/pages\/5676245\/revisions\/5683278"}],"wp:attachment":[{"href":"https:\/\/zuccardiwines.com\/nuevo\/en\/wp-json\/wp\/v2\/media?parent=5676245"}],"curies":[{"name":"wp","href":"https:\/\/api.w.org\/{rel}","templated":true}]}}